{"id":1689,"date":"2026-01-07T12:29:47","date_gmt":"2026-01-07T12:29:47","guid":{"rendered":"https:\/\/www.calendar.msa.ci\/?page_id=1689"},"modified":"2026-01-07T12:29:47","modified_gmt":"2026-01-07T12:29:47","slug":"tickets-checkout","status":"publish","type":"page","link":"https:\/\/www.calendar.msa.ci\/?page_id=1689","title":{"rendered":"Commande de billets"},"content":{"rendered":"<link rel='stylesheet' id='tec-variables-skeleton-css' href='https:\/\/www.calendar.msa.ci\/wp-content\/plugins\/event-tickets\/common\/build\/css\/variables-skeleton.css?ver=6.10.1' media='all' \/>\n<link rel='stylesheet' id='tribe-common-skeleton-style-css' href='https:\/\/www.calendar.msa.ci\/wp-content\/plugins\/event-tickets\/common\/build\/css\/common-skeleton.css?ver=6.10.1' media='all' \/>\n<link rel='stylesheet' id='tec-variables-full-css' href='https:\/\/www.calendar.msa.ci\/wp-content\/plugins\/event-tickets\/common\/build\/css\/variables-full.css?ver=6.10.1' media='all' \/>\n<link rel='stylesheet' id='tribe-common-full-style-css' href='https:\/\/www.calendar.msa.ci\/wp-content\/plugins\/event-tickets\/common\/build\/css\/common-full.css?ver=6.10.1' media='all' \/>\n<link rel='stylesheet' id='tribe-common-responsive-css' href='https:\/\/www.calendar.msa.ci\/wp-content\/plugins\/event-tickets\/build\/css\/common-responsive.css?ver=5.27.3' media='all' \/>\n<link rel='stylesheet' id='tribe-tickets-commerce-style-css' href='https:\/\/www.calendar.msa.ci\/wp-content\/plugins\/event-tickets\/build\/css\/tickets-commerce.css?ver=5.27.3' media='all' \/>\n<link rel='stylesheet' id='tribe-tickets-commerce-stripe-style-css' href='https:\/\/www.calendar.msa.ci\/wp-content\/plugins\/event-tickets\/build\/css\/tickets-commerce\/gateway\/stripe.css?ver=5.27.3' media='all' \/>\n<link rel='stylesheet' id='tribe-tickets-commerce-free-style-css' href='https:\/\/www.calendar.msa.ci\/wp-content\/plugins\/event-tickets\/build\/css\/tickets-commerce\/gateway\/free.css?ver=5.27.3' media='all' \/>\n<link rel='stylesheet' id='tribe-tickets-commerce-paypal-style-css' href='https:\/\/www.calendar.msa.ci\/wp-content\/plugins\/event-tickets\/build\/css\/tickets-commerce\/gateway\/paypal.css?ver=5.27.3' media='all' \/>\n<div class=\"tribe-common event-tickets\">\n\t<section\n\t\tclass=\"tribe-tickets__commerce-checkout\"\n\t\t data-js=\"tec-tickets-commerce-notice\" data-notice-default-title=\"Paiement indisponible\u00a0!\" data-notice-default-content=\"Le paiement n\u2019est pas disponible pour le moment car aucun mode de paiement n\u2019a \u00e9t\u00e9 configur\u00e9 pour cet \u00e9v\u00e8nement. Veuillez en informer l\u2019administrateur du site.\" \t>\n\t\t<input type=\"hidden\" id=\"tec-tc-checkout-nonce\" name=\"tec-tc-checkout-nonce\" value=\"71182497c6\" \/><input type=\"hidden\" name=\"_wp_http_referer\" value=\"\/index.php?rest_route=%2Fwp%2Fv2%2Fpages%2F1689\" \/>\t\t<header class=\"tribe-tickets__commerce-checkout-header\">\n\t<h3 class=\"tribe-common-h2 tribe-tickets__commerce-checkout-header-title\">\n\tAcheter Billets<\/h3>\n\t<\/header>\n\t\t\t\t<div  class=\"tribe-tickets-loader__dots tribe-common-c-loader tribe-common-a11y-hidden\" >\n\t<svg\n\t class=\"tribe-common-c-svgicon tribe-common-c-svgicon--dot tribe-common-c-loader__dot tribe-common-c-loader__dot--first\" \taria-hidden=\"true\"\n\tviewBox=\"0 0 15 15\"\n\txmlns=\"http:\/\/www.w3.org\/2000\/svg\"\n>\n\t<circle cx=\"7.5\" cy=\"7.5\" r=\"7.5\"\/>\n<\/svg>\n\t<svg\n\t class=\"tribe-common-c-svgicon tribe-common-c-svgicon--dot tribe-common-c-loader__dot tribe-common-c-loader__dot--second\" \taria-hidden=\"true\"\n\tviewBox=\"0 0 15 15\"\n\txmlns=\"http:\/\/www.w3.org\/2000\/svg\"\n>\n\t<circle cx=\"7.5\" cy=\"7.5\" r=\"7.5\"\/>\n<\/svg>\n\t<svg\n\t class=\"tribe-common-c-svgicon tribe-common-c-svgicon--dot tribe-common-c-loader__dot tribe-common-c-loader__dot--third\" \taria-hidden=\"true\"\n\tviewBox=\"0 0 15 15\"\n\txmlns=\"http:\/\/www.w3.org\/2000\/svg\"\n>\n\t<circle cx=\"7.5\" cy=\"7.5\" r=\"7.5\"\/>\n<\/svg>\n<\/div>\n\t\t<div id=\"\"  class=\"tribe-tickets__notice tribe-tickets__notice--error tribe-tickets__commerce-checkout-notice\" >\n\t\t\t<h3 class=\"tribe-common-h7 tribe-tickets-notice__title\">Erreur dans la commande\u00a0!<\/h3>\n\t\n\t<div  class=\"tribe-common-b2 tribe-tickets-notice__content tribe-tickets__commerce-checkout-notice-content\" >\n\t\tUn probl\u00e8me est survenu\u00a0!\t<\/div>\n<\/div>\n\t\t<div class=\"tribe-tickets__commerce-checkout-cart-empty\">\n\t<h3 class=\"tribe-common-h3 tribe-tickets__commerce-checkout-cart-empty-title\">\n\tOh l\u00e0, pas de billets!<\/h3>\n\t<div class=\"tribe-common-b1 tribe-tickets__commerce-checkout-cart-empty-description\">\n\tVeuillez <a href=\"https:\/\/www.calendar.msa.ci\" class=\"tribe-common-anchor-alt tribe-tickets__commerce-checkout-cart-empty-description-link\">naviguer dans les \u00e9v\u00e8nements<\/a> et ajouter des billets pour commander.<\/div>\n<\/div>\n\t\t\t\t\t\t<footer class=\"tribe-tickets__commerce-checkout-footer\">\n\t<\/footer>\n\t\t\t<\/section>\n<\/div>\n\n","protected":false},"excerpt":{"rendered":"","protected":false},"author":1,"featured_media":0,"parent":0,"menu_order":0,"comment_status":"closed","ping_status":"closed","template":"","meta":{"_uag_custom_page_level_css":"","site-sidebar-layout":"default","site-content-layout":"","ast-site-content-layout":"","site-content-style":"default","site-sidebar-style":"default","ast-global-header-display":"","ast-banner-title-visibility":"","ast-main-header-display":"","ast-hfb-above-header-display":"","ast-hfb-below-header-display":"","ast-hfb-mobile-header-display":"","site-post-title":"","ast-breadcrumbs-content":"","ast-featured-img":"","footer-sml-layout":"","theme-transparent-header-meta":"","adv-header-id-meta":"","stick-header-meta":"","header-above-stick-meta":"","header-main-stick-meta":"","header-below-stick-meta":"","astra-migrate-meta-layouts":"default","ast-page-background-enabled":"default","ast-page-background-meta":{"desktop":{"background-color":"var(--ast-global-color-4)","background-image":"","background-repeat":"repeat","background-position":"center center","background-size":"auto","background-attachment":"scroll","background-type":"","background-media":"","overlay-type":"","overlay-color":"","overlay-gradient":""},"tablet":{"background-color":"","background-image":"","background-repeat":"repeat","background-position":"center center","background-size":"auto","background-attachment":"scroll","background-type":"","background-media":"","overlay-type":"","overlay-color":"","overlay-gradient":""},"mobile":{"background-color":"","background-image":"","background-repeat":"repeat","background-position":"center center","background-size":"auto","background-attachment":"scroll","background-type":"","background-media":"","overlay-type":"","overlay-color":"","overlay-gradient":""}},"ast-content-background-meta":{"desktop":{"background-color":"var(--ast-global-color-5)","background-image":"","background-repeat":"repeat","background-position":"center center","background-size":"auto","background-attachment":"scroll","background-type":"","background-media":"","overlay-type":"","overlay-color":"","overlay-gradient":""},"tablet":{"background-color":"var(--ast-global-color-5)","background-image":"","background-repeat":"repeat","background-position":"center center","background-size":"auto","background-attachment":"scroll","background-type":"","background-media":"","overlay-type":"","overlay-color":"","overlay-gradient":""},"mobile":{"background-color":"var(--ast-global-color-5)","background-image":"","background-repeat":"repeat","background-position":"center center","background-size":"auto","background-attachment":"scroll","background-type":"","background-media":"","overlay-type":"","overlay-color":"","overlay-gradient":""}},"_price":"","_stock":"","_tribe_ticket_header":"","_tribe_default_ticket_provider":"","_ticket_start_date":"","_ticket_end_date":"","_tribe_ticket_show_description":"","_tribe_ticket_show_not_going":false,"_tribe_ticket_use_global_stock":"","_tribe_ticket_global_stock_level":"","_global_stock_mode":"","_global_stock_cap":"","_tribe_rsvp_for_event":"","_tribe_ticket_going_count":"","_tribe_ticket_not_going_count":"","_tribe_tickets_list":"[]","_tribe_ticket_has_attendee_info_fields":false,"footnotes":"","_tec_slr_enabled":"","_tec_slr_layout":""},"class_list":["post-1689","page","type-page","status-publish","hentry"],"uagb_featured_image_src":{"full":false,"thumbnail":false,"medium":false,"medium_large":false,"large":false,"1536x1536":false,"2048x2048":false},"uagb_author_info":{"display_name":"admin2K23","author_link":"https:\/\/www.calendar.msa.ci\/?author=1"},"uagb_comment_info":0,"uagb_excerpt":null,"ticketed":false,"_links":{"self":[{"href":"https:\/\/www.calendar.msa.ci\/index.php?rest_route=\/wp\/v2\/pages\/1689","targetHints":{"allow":["GET"]}}],"collection":[{"href":"https:\/\/www.calendar.msa.ci\/index.php?rest_route=\/wp\/v2\/pages"}],"about":[{"href":"https:\/\/www.calendar.msa.ci\/index.php?rest_route=\/wp\/v2\/types\/page"}],"author":[{"embeddable":true,"href":"https:\/\/www.calendar.msa.ci\/index.php?rest_route=\/wp\/v2\/users\/1"}],"replies":[{"embeddable":true,"href":"https:\/\/www.calendar.msa.ci\/index.php?rest_route=%2Fwp%2Fv2%2Fcomments&post=1689"}],"version-history":[{"count":0,"href":"https:\/\/www.calendar.msa.ci\/index.php?rest_route=\/wp\/v2\/pages\/1689\/revisions"}],"wp:attachment":[{"href":"https:\/\/www.calendar.msa.ci\/index.php?rest_route=%2Fwp%2Fv2%2Fmedia&parent=1689"}],"curies":[{"name":"wp","href":"https:\/\/api.w.org\/{rel}","templated":true}]}}